{"id":230,"date":"2025-04-11T11:48:35","date_gmt":"2025-04-11T11:48:35","guid":{"rendered":"https:\/\/paris-remote-sensing-master.fr\/?page_id=230"},"modified":"2026-03-11T16:11:16","modified_gmt":"2026-03-11T16:11:16","slug":"le-master-teledetection-fete-ses-40-ans","status":"publish","type":"page","link":"https:\/\/paris-remote-sensing-master.fr\/?page_id=230","title":{"rendered":"Le master T\u00e9l\u00e9d\u00e9tection f\u00eate ses 40 ans"},"content":{"rendered":"\n<div style=\"height:50px\" aria-hidden=\"true\" class=\"wp-block-spacer\"><\/div>\n\n\n\n<div class=\"wp-block-media-text is-stacked-on-mobile\"><figure class=\"wp-block-media-text__media\"><img loading=\"lazy\" decoding=\"async\" width=\"724\" height=\"1024\" src=\"http:\/\/paris-remote-sensing-master.fr\/wp-content\/uploads\/2025\/04\/Affiche_40ans-Master-Teledetection-724x1024.jpg\" alt=\"\" class=\"wp-image-236 size-full\" srcset=\"https:\/\/paris-remote-sensing-master.fr\/wp-content\/uploads\/2025\/04\/Affiche_40ans-Master-Teledetection-724x1024.jpg 724w, https:\/\/paris-remote-sensing-master.fr\/wp-content\/uploads\/2025\/04\/Affiche_40ans-Master-Teledetection-212x300.jpg 212w, https:\/\/paris-remote-sensing-master.fr\/wp-content\/uploads\/2025\/04\/Affiche_40ans-Master-Teledetection-768x1086.jpg 768w, https:\/\/paris-remote-sensing-master.fr\/wp-content\/uploads\/2025\/04\/Affiche_40ans-Master-Teledetection-1086x1536.jpg 1086w, https:\/\/paris-remote-sensing-master.fr\/wp-content\/uploads\/2025\/04\/Affiche_40ans-Master-Teledetection-1448x2048.jpg 1448w, https:\/\/paris-remote-sensing-master.fr\/wp-content\/uploads\/2025\/04\/Affiche_40ans-Master-Teledetection-scaled.jpg 1810w\" sizes=\"auto, (max-width: 724px) 100vw, 724px\" \/><\/figure><div class=\"wp-block-media-text__content\">\n<h2 class=\"wp-block-heading\">L&#8217;\u00e9v\u00e9nement<\/h2>\n\n\n\n<p>Le master SECO anciennement master de t\u00e9l\u00e9d\u00e9tection a f\u00eate ses 40 ans en mai 2024, une occasion rare de rassembler des g\u00e9n\u00e9rations de professeurs et d&#8217;\u00e9tudiants pass\u00e9es par la formation. <\/p>\n\n\n\n<p>Durant une apr\u00e8s-midi, se sont encha\u00een\u00e9s des t\u00e9moignages d&#8217;alumni donnant \u00e0 voir la diversit\u00e9 des parcours mais aussi l&#8217;importance qu&#8217;a eu cette formation dans leur carri\u00e8re. <\/p>\n\n\n\n<p>Une table ronde et de nombreuses discussions ont aussi permis d&#8217;entamer une r\u00e9flexion sur le master, son positionnement et ses perspective.<\/p>\n<\/div><\/div>\n\n\n\n<div class=\"wp-block-group is-layout-constrained wp-block-group-is-layout-constrained\">\n<div class=\"wp-block-columns is-layout-flex wp-container-core-columns-is-layout-28f84493 wp-block-columns-is-layout-flex\">\n<div class=\"wp-block-column is-layout-flow wp-block-column-is-layout-flow\">\n<h2 class=\"wp-block-heading\">Le programme<\/h2>\n\n\n\n<div class=\"wp-block-columns is-layout-flex wp-container-core-columns-is-layout-28f84493 wp-block-columns-is-layout-flex\">\n<div class=\"wp-block-column is-layout-flow wp-block-column-is-layout-flow\" style=\"flex-basis:20%\">\n<p>13h15 &#8211; 14h00<\/p>\n<\/div>\n\n\n\n<div class=\"wp-block-column is-layout-flow wp-block-column-is-layout-flow\" style=\"flex-basis:66.66%\">\n<p>Accueil<\/p>\n<\/div>\n<\/div>\n\n\n\n<div class=\"wp-block-columns is-layout-flex wp-container-core-columns-is-layout-28f84493 wp-block-columns-is-layout-flex\">\n<div class=\"wp-block-column is-layout-flow wp-block-column-is-layout-flow\" style=\"flex-basis:20%\">\n<p>14h00 &#8211; 14h10<\/p>\n<\/div>\n\n\n\n<div class=\"wp-block-column is-layout-flow wp-block-column-is-layout-flow\" style=\"flex-basis:66.66%\">\n<p>Interm\u00e8de musical : Eliott Marceau &amp; Ya\u00ebl Le Gars (LATMOS)<br>Pr\u00e9sentation du master : H\u00e9l\u00e8ne Chepfer (Sorbonne Universit\u00e9\/LMD) &amp; S\u00e9bastien Rodriguez (Universit\u00e9 Paris Cit\u00e9\/IPGP)<\/p>\n<\/div>\n<\/div>\n\n\n\n<div class=\"wp-block-columns is-layout-flex wp-container-core-columns-is-layout-28f84493 wp-block-columns-is-layout-flex\">\n<div class=\"wp-block-column is-layout-flow wp-block-column-is-layout-flow\" style=\"flex-basis:20%\">\n<p>14h10 &#8211; 14h45<\/p>\n<\/div>\n\n\n\n<div class=\"wp-block-column is-layout-flow wp-block-column-is-layout-flow\" style=\"flex-basis:66.66%\">\n<ul class=\"wp-block-list\">\n<li>L\u2019association GREAT et le Master en quelques chiffres : St\u00e9phane Jacquemoud (Universit\u00e9 Paris Cit\u00e9\/IPGP)<\/li>\n\n\n\n<li>Bref historique de la formation : Laurence Picon (Sorbonne Universit\u00e9\/LMD)<\/li>\n\n\n\n<li>L\u2019observation spatiale de la Terre : une priorit\u00e9 fran\u00e7aise et europ\u00e9enne : Aline Chabreuil (CNES)<\/li>\n<\/ul>\n<\/div>\n<\/div>\n\n\n\n<div class=\"wp-block-columns is-layout-flex wp-container-core-columns-is-layout-28f84493 wp-block-columns-is-layout-flex\">\n<div class=\"wp-block-column is-layout-flow wp-block-column-is-layout-flow\" style=\"flex-basis:20%\">\n<p>14h45 &#8211; 16h30<\/p>\n<\/div>\n\n\n\n<div class=\"wp-block-column is-layout-flow wp-block-column-is-layout-flow\" style=\"flex-basis:66.66%\">\n<p>T\u00e9moignages d&#8217;anciens \u00e9tudiants<\/p>\n\n\n\n<ul class=\"wp-block-list\">\n<li>La d\u00e9cennie 1984-1993 :&nbsp;Olivier Gendrin (Accenture, <strong>promo 1985<\/strong>),&nbsp;Jean-Luc Pujol (OCLAESP,  <strong>promo 1985<\/strong>),&nbsp;Sandrine Mathieu (ACRI-ST,  <strong>promo 1991<\/strong>)<\/li>\n\n\n\n<li>La&nbsp;d\u00e9cennie&nbsp;1994-2003 :&nbsp;R\u00e9my Roca (LEGOS,  <strong>promo 1995<\/strong>),&nbsp;Olivier Merckel (ANSES,  <strong>promo 1998<\/strong>),&nbsp;Davis Petit (Deimos Space UK,  <strong>promo 1998<\/strong>)<\/li>\n\n\n\n<li>La&nbsp;d\u00e9cennie&nbsp;2004-2013 :&nbsp;Aur\u00e9lie Le Morvan-Qu\u00e9m\u00e9ner (IRSN,  <strong>promo 2006<\/strong>),&nbsp;Paul-Etienne Mallet (Axionable, <strong>promo 2008<\/strong>)<\/li>\n\n\n\n<li>La&nbsp;d\u00e9cennie&nbsp;2014-2023 :&nbsp;Alexandre Hippert-Ferrer (ENSG, <strong>promo 2017<\/strong>),&nbsp;Marie Montero (postdoctorante LOG, <strong>promo 2019<\/strong>),&nbsp;Thomas Lesigne (doctorant LATMOS, <strong>promo 2021<\/strong>),&nbsp;Pierre-Yves Froissart (doctorant IPGP, <strong>promo 2022<\/strong>)<\/li>\n\n\n\n<li>Comment imagine-t-on le master dans 15 ans :&nbsp;Natacha Kaminski &amp; Lucas Jessel (\u00e9tudiants de M2, <strong>promo 2024<\/strong>)<\/li>\n<\/ul>\n<\/div>\n<\/div>\n\n\n\n<div class=\"wp-block-columns is-layout-flex wp-container-core-columns-is-layout-28f84493 wp-block-columns-is-layout-flex\">\n<div class=\"wp-block-column is-layout-flow wp-block-column-is-layout-flow\" style=\"flex-basis:20%\">\n<p>16h30 &#8211; 16h35<\/p>\n<\/div>\n\n\n\n<div class=\"wp-block-column is-layout-flow wp-block-column-is-layout-flow\" style=\"flex-basis:66.66%\">\n<p>Passage de l\u2019ISS au-dessus de la Tour Zamansky : Michel Capderou (Sorbonne Universit\u00e9\/LMD)<\/p>\n<\/div>\n<\/div>\n\n\n\n<div class=\"wp-block-columns is-layout-flex wp-container-core-columns-is-layout-28f84493 wp-block-columns-is-layout-flex\">\n<div class=\"wp-block-column is-layout-flow wp-block-column-is-layout-flow\" style=\"flex-basis:20%\">\n<p>16h35 &#8211; 17h15<\/p>\n<\/div>\n\n\n\n<div class=\"wp-block-column is-layout-flow wp-block-column-is-layout-flow\" style=\"flex-basis:66.66%\">\n<p>Pause caf\u00e9<\/p>\n<\/div>\n<\/div>\n\n\n\n<div class=\"wp-block-columns is-layout-flex wp-container-core-columns-is-layout-28f84493 wp-block-columns-is-layout-flex\">\n<div class=\"wp-block-column is-layout-flow wp-block-column-is-layout-flow\" style=\"flex-basis:20%\">\n<p>17h15 &#8211; 18h45<\/p>\n<\/div>\n\n\n\n<div class=\"wp-block-column is-layout-flow wp-block-column-is-layout-flow\" style=\"flex-basis:66.66%\">\n<p><strong>Les d\u00e9fis&nbsp;de l&#8217;observation spatiale&nbsp;pour les prochaines d\u00e9cennies&nbsp;: futur de la t\u00e9l\u00e9d\u00e9tection, r\u00e9volution du&nbsp;Big Data et de l&#8217;IA, New Space&nbsp;et d\u00e9bris spatiaux<\/strong><\/p>\n\n\n\n<p>Table ronde&nbsp;anim\u00e9e par Mme Gabrielle Trottmann, Journaliste sp\u00e9cialis\u00e9e sur le climat et l&#8217;environnement, avec :<\/p>\n\n\n\n<ul class=\"wp-block-list\">\n<li>Mme Marjolaine Chiriaco, Adjointe au chef du d\u00e9partement Politique Spatiale, Charg\u00e9e de mission Science et Exploration (Minist\u00e8re de l\u2019enseignement sup\u00e9rieur et de la recherche)<\/li>\n\n\n\n<li>&nbsp;M. Cyril Crevoisier, Directeur de recherche CNRS (Laboratoire de m\u00e9t\u00e9orologie dynamique)<\/li>\n\n\n\n<li>&nbsp;M. Florent Deleflie, Chercheur \u00e0 l&#8217;Institut de m\u00e9canique c\u00e9leste et de calcul des \u00e9ph\u00e9m\u00e9rides (Observatoire de Paris)<\/li>\n\n\n\n<li>&nbsp;M. Fr\u00e9d\u00e9ric Huynh, Directeur de l\u2019infrastructure de recherche Data Terra<\/li>\n\n\n\n<li>Mme Juliette Lambin, Head of Future Missions and Architecture Department (Agence spatiale europ\u00e9enne)<\/li>\n\n\n\n<li>Mme Pascale Ultr\u00e9-Gu\u00e9rard, Directrice adjointe \u00e0 la Strat\u00e9gie en charge des Programmes (Centre national d\u2019\u00e9tudes spatiales)<\/li>\n<\/ul>\n<\/div>\n<\/div>\n\n\n\n<div class=\"wp-block-columns is-layout-flex wp-container-core-columns-is-layout-28f84493 wp-block-columns-is-layout-flex\">\n<div class=\"wp-block-column is-layout-flow wp-block-column-is-layout-flow\" style=\"flex-basis:20%\">\n<p>19h00 &#8211; 21h30<\/p>\n<\/div>\n\n\n\n<div class=\"wp-block-column is-layout-flow wp-block-column-is-layout-flow\" style=\"flex-basis:66.66%\">\n<p>Cocktail d\u00eenatoire&nbsp;&#8211; Salle panoramique de la Tour Zamansky<\/p>\n<\/div>\n<\/div>\n<\/div>\n<\/div>\n<\/div>\n\n\n\n<div class=\"wp-block-group is-layout-constrained wp-block-group-is-layout-constrained\">\n<div class=\"wp-block-columns is-layout-flex wp-container-core-columns-is-layout-28f84493 wp-block-columns-is-layout-flex\">\n<div class=\"wp-block-column is-layout-flow wp-block-column-is-layout-flow\">\n<h2 class=\"wp-block-heading\">Paroles d&#8217;alumni<\/h2>\n<\/div>\n<\/div>\n<\/div>\n\n\n\n<figure class=\"wp-block-gallery has-nested-images columns-default is-cropped wp-block-gallery-1 is-layout-flex wp-block-gallery-is-layout-flex\">\n<figure class=\"wp-block-image size-large\"><a href=\"https:\/\/cloud.u-paris.fr\/s\/J4zBeeoFwsXecpH\"><img loading=\"lazy\" decoding=\"async\" width=\"576\" height=\"1024\" data-id=\"1051\" src=\"https:\/\/paris-remote-sensing-master.fr\/wp-content\/uploads\/2026\/03\/temoignage_marie-576x1024.jpg\" alt=\"\" class=\"wp-image-1051\" srcset=\"https:\/\/paris-remote-sensing-master.fr\/wp-content\/uploads\/2026\/03\/temoignage_marie-576x1024.jpg 576w, https:\/\/paris-remote-sensing-master.fr\/wp-content\/uploads\/2026\/03\/temoignage_marie-169x300.jpg 169w, https:\/\/paris-remote-sensing-master.fr\/wp-content\/uploads\/2026\/03\/temoignage_marie.jpg 607w\" sizes=\"auto, (max-width: 576px) 100vw, 576px\" \/><\/a><\/figure>\n\n\n\n<figure class=\"wp-block-image size-large\"><a href=\"https:\/\/cloud.u-paris.fr\/s\/JDfJnQWtkqAeTXN\"><img loading=\"lazy\" decoding=\"async\" width=\"576\" height=\"1024\" data-id=\"1049\" src=\"https:\/\/paris-remote-sensing-master.fr\/wp-content\/uploads\/2026\/03\/temoignage_david-576x1024.jpg\" alt=\"\" class=\"wp-image-1049\" srcset=\"https:\/\/paris-remote-sensing-master.fr\/wp-content\/uploads\/2026\/03\/temoignage_david-576x1024.jpg 576w, https:\/\/paris-remote-sensing-master.fr\/wp-content\/uploads\/2026\/03\/temoignage_david-169x300.jpg 169w, https:\/\/paris-remote-sensing-master.fr\/wp-content\/uploads\/2026\/03\/temoignage_david.jpg 607w\" sizes=\"auto, (max-width: 576px) 100vw, 576px\" \/><\/a><\/figure>\n\n\n\n<figure class=\"wp-block-image size-large\"><a href=\"https:\/\/cloud.u-paris.fr\/s\/fMEaLWoLSL7iXgS\"><img loading=\"lazy\" decoding=\"async\" width=\"576\" height=\"1024\" data-id=\"1055\" src=\"https:\/\/paris-remote-sensing-master.fr\/wp-content\/uploads\/2026\/03\/temoignage_Remy-576x1024.jpg\" alt=\"\" class=\"wp-image-1055\" srcset=\"https:\/\/paris-remote-sensing-master.fr\/wp-content\/uploads\/2026\/03\/temoignage_Remy-576x1024.jpg 576w, https:\/\/paris-remote-sensing-master.fr\/wp-content\/uploads\/2026\/03\/temoignage_Remy-169x300.jpg 169w, https:\/\/paris-remote-sensing-master.fr\/wp-content\/uploads\/2026\/03\/temoignage_Remy.jpg 607w\" sizes=\"auto, (max-width: 576px) 100vw, 576px\" \/><\/a><\/figure>\n\n\n\n<figure class=\"wp-block-image size-large\"><a href=\"https:\/\/cloud.u-paris.fr\/s\/xzFToRLrRa5W8g9\"><img loading=\"lazy\" decoding=\"async\" width=\"576\" height=\"1024\" data-id=\"1050\" src=\"https:\/\/paris-remote-sensing-master.fr\/wp-content\/uploads\/2026\/03\/temoignage_jean-luc-576x1024.jpg\" alt=\"\" class=\"wp-image-1050\" srcset=\"https:\/\/paris-remote-sensing-master.fr\/wp-content\/uploads\/2026\/03\/temoignage_jean-luc-576x1024.jpg 576w, https:\/\/paris-remote-sensing-master.fr\/wp-content\/uploads\/2026\/03\/temoignage_jean-luc-169x300.jpg 169w, https:\/\/paris-remote-sensing-master.fr\/wp-content\/uploads\/2026\/03\/temoignage_jean-luc.jpg 607w\" sizes=\"auto, (max-width: 576px) 100vw, 576px\" \/><\/a><\/figure>\n\n\n\n<figure class=\"wp-block-image size-large\"><a href=\"https:\/\/cloud.u-paris.fr\/s\/JjCQcxRep5qGJdc\"><img loading=\"lazy\" decoding=\"async\" width=\"576\" height=\"1024\" data-id=\"1054\" src=\"https:\/\/paris-remote-sensing-master.fr\/wp-content\/uploads\/2026\/03\/temoignage_Pierre-Yves-576x1024.jpg\" alt=\"\" class=\"wp-image-1054\" srcset=\"https:\/\/paris-remote-sensing-master.fr\/wp-content\/uploads\/2026\/03\/temoignage_Pierre-Yves-576x1024.jpg 576w, https:\/\/paris-remote-sensing-master.fr\/wp-content\/uploads\/2026\/03\/temoignage_Pierre-Yves-169x300.jpg 169w, https:\/\/paris-remote-sensing-master.fr\/wp-content\/uploads\/2026\/03\/temoignage_Pierre-Yves.jpg 607w\" sizes=\"auto, (max-width: 576px) 100vw, 576px\" \/><\/a><\/figure>\n\n\n\n<figure class=\"wp-block-image size-large\"><a href=\"https:\/\/cloud.u-paris.fr\/s\/wokKKk9xSqHrNXf\"><img loading=\"lazy\" decoding=\"async\" width=\"576\" height=\"1024\" data-id=\"1052\" src=\"https:\/\/paris-remote-sensing-master.fr\/wp-content\/uploads\/2026\/03\/temoignage_olivier-576x1024.jpg\" alt=\"\" class=\"wp-image-1052\" srcset=\"https:\/\/paris-remote-sensing-master.fr\/wp-content\/uploads\/2026\/03\/temoignage_olivier-576x1024.jpg 576w, https:\/\/paris-remote-sensing-master.fr\/wp-content\/uploads\/2026\/03\/temoignage_olivier-169x300.jpg 169w, https:\/\/paris-remote-sensing-master.fr\/wp-content\/uploads\/2026\/03\/temoignage_olivier.jpg 607w\" sizes=\"auto, (max-width: 576px) 100vw, 576px\" \/><\/a><\/figure>\n\n\n\n<figure class=\"wp-block-image size-large\"><a href=\"https:\/\/cloud.u-paris.fr\/s\/4rMF4N4pqgm5rc4\"><img loading=\"lazy\" decoding=\"async\" width=\"576\" height=\"1024\" data-id=\"1056\" src=\"https:\/\/paris-remote-sensing-master.fr\/wp-content\/uploads\/2026\/03\/temoignage_sandrine-576x1024.jpg\" alt=\"\" class=\"wp-image-1056\" srcset=\"https:\/\/paris-remote-sensing-master.fr\/wp-content\/uploads\/2026\/03\/temoignage_sandrine-576x1024.jpg 576w, https:\/\/paris-remote-sensing-master.fr\/wp-content\/uploads\/2026\/03\/temoignage_sandrine-169x300.jpg 169w, https:\/\/paris-remote-sensing-master.fr\/wp-content\/uploads\/2026\/03\/temoignage_sandrine.jpg 607w\" sizes=\"auto, (max-width: 576px) 100vw, 576px\" \/><\/a><\/figure>\n\n\n\n<figure class=\"wp-block-image size-large\"><a href=\"https:\/\/cloud.u-paris.fr\/s\/RKHLBAjdLoZZiBM\"><img loading=\"lazy\" decoding=\"async\" width=\"576\" height=\"1024\" data-id=\"1053\" src=\"https:\/\/paris-remote-sensing-master.fr\/wp-content\/uploads\/2026\/03\/temoignage_paul-etienne-576x1024.jpg\" alt=\"\" class=\"wp-image-1053\" srcset=\"https:\/\/paris-remote-sensing-master.fr\/wp-content\/uploads\/2026\/03\/temoignage_paul-etienne-576x1024.jpg 576w, https:\/\/paris-remote-sensing-master.fr\/wp-content\/uploads\/2026\/03\/temoignage_paul-etienne-169x300.jpg 169w, https:\/\/paris-remote-sensing-master.fr\/wp-content\/uploads\/2026\/03\/temoignage_paul-etienne.jpg 607w\" sizes=\"auto, (max-width: 576px) 100vw, 576px\" \/><\/a><\/figure>\n\n\n\n<figure class=\"wp-block-image size-large\"><a href=\"https:\/\/cloud.u-paris.fr\/s\/ofzPCPXY9EmtJkF\"><img loading=\"lazy\" decoding=\"async\" width=\"576\" height=\"1024\" data-id=\"1048\" src=\"https:\/\/paris-remote-sensing-master.fr\/wp-content\/uploads\/2026\/03\/temoignage_alexandre-576x1024.jpg\" alt=\"\" class=\"wp-image-1048\" srcset=\"https:\/\/paris-remote-sensing-master.fr\/wp-content\/uploads\/2026\/03\/temoignage_alexandre-576x1024.jpg 576w, https:\/\/paris-remote-sensing-master.fr\/wp-content\/uploads\/2026\/03\/temoignage_alexandre-169x300.jpg 169w, https:\/\/paris-remote-sensing-master.fr\/wp-content\/uploads\/2026\/03\/temoignage_alexandre.jpg 607w\" sizes=\"auto, (max-width: 576px) 100vw, 576px\" \/><\/a><\/figure>\n<\/figure>\n","protected":false},"excerpt":{"rendered":"<p>L&#8217;\u00e9v\u00e9nement Le master SECO anciennement master de t\u00e9l\u00e9d\u00e9tection a f\u00eate ses 40 ans en mai 2024, une occasion rare de [&hellip;]<\/p>\n","protected":false},"author":1,"featured_media":0,"parent":0,"menu_order":0,"comment_status":"closed","ping_status":"closed","template":"","meta":{"site-sidebar-layout":"default","site-content-layout":"","ast-site-content-layout":"default","site-content-style":"default","site-sidebar-style":"default","ast-global-header-display":"","ast-banner-title-visibility":"","ast-main-header-display":"","ast-hfb-above-header-display":"","ast-hfb-below-header-display":"","ast-hfb-mobile-header-display":"","site-post-title":"","ast-breadcrumbs-content":"","ast-featured-img":"","footer-sml-layout":"","ast-disable-related-posts":"","theme-transparent-header-meta":"","adv-header-id-meta":"","stick-header-meta":"","header-above-stick-meta":"","header-main-stick-meta":"","header-below-stick-meta":"","astra-migrate-meta-layouts":"default","ast-page-background-enabled":"default","ast-page-background-meta":{"desktop":{"background-color":"var(--ast-global-color-5)","background-image":"","background-repeat":"repeat","background-position":"center center","background-size":"auto","background-attachment":"scroll","background-type":"","background-media":"","overlay-type":"","overlay-color":"","overlay-opacity":"","overlay-gradient":""},"tablet":{"background-color":"","background-image":"","background-repeat":"repeat","background-position":"center center","background-size":"auto","background-attachment":"scroll","background-type":"","background-media":"","overlay-type":"","overlay-color":"","overlay-opacity":"","overlay-gradient":""},"mobile":{"background-color":"","background-image":"","background-repeat":"repeat","background-position":"center center","background-size":"auto","background-attachment":"scroll","background-type":"","background-media":"","overlay-type":"","overlay-color":"","overlay-opacity":"","overlay-gradient":""}},"ast-content-background-meta":{"desktop":{"background-color":"var(--ast-global-color-4)","background-image":"","background-repeat":"repeat","background-position":"center center","background-size":"auto","background-attachment":"scroll","background-type":"","background-media":"","overlay-type":"","overlay-color":"","overlay-opacity":"","overlay-gradient":""},"tablet":{"background-color":"var(--ast-global-color-4)","background-image":"","background-repeat":"repeat","background-position":"center center","background-size":"auto","background-attachment":"scroll","background-type":"","background-media":"","overlay-type":"","overlay-color":"","overlay-opacity":"","overlay-gradient":""},"mobile":{"background-color":"var(--ast-global-color-4)","background-image":"","background-repeat":"repeat","background-position":"center center","background-size":"auto","background-attachment":"scroll","background-type":"","background-media":"","overlay-type":"","overlay-color":"","overlay-opacity":"","overlay-gradient":""}},"footnotes":""},"class_list":["post-230","page","type-page","status-publish","hentry"],"_links":{"self":[{"href":"https:\/\/paris-remote-sensing-master.fr\/index.php?rest_route=\/wp\/v2\/pages\/230","targetHints":{"allow":["GET"]}}],"collection":[{"href":"https:\/\/paris-remote-sensing-master.fr\/index.php?rest_route=\/wp\/v2\/pages"}],"about":[{"href":"https:\/\/paris-remote-sensing-master.fr\/index.php?rest_route=\/wp\/v2\/types\/page"}],"author":[{"embeddable":true,"href":"https:\/\/paris-remote-sensing-master.fr\/index.php?rest_route=\/wp\/v2\/users\/1"}],"replies":[{"embeddable":true,"href":"https:\/\/paris-remote-sensing-master.fr\/index.php?rest_route=%2Fwp%2Fv2%2Fcomments&post=230"}],"version-history":[{"count":18,"href":"https:\/\/paris-remote-sensing-master.fr\/index.php?rest_route=\/wp\/v2\/pages\/230\/revisions"}],"predecessor-version":[{"id":1062,"href":"https:\/\/paris-remote-sensing-master.fr\/index.php?rest_route=\/wp\/v2\/pages\/230\/revisions\/1062"}],"wp:attachment":[{"href":"https:\/\/paris-remote-sensing-master.fr\/index.php?rest_route=%2Fwp%2Fv2%2Fmedia&parent=230"}],"curies":[{"name":"wp","href":"https:\/\/api.w.org\/{rel}","templated":true}]}}