{"id":16,"date":"2025-04-07T09:40:33","date_gmt":"2025-04-07T09:40:33","guid":{"rendered":"https:\/\/paris-remote-sensing-master.fr\/?page_id=16"},"modified":"2026-02-23T16:45:54","modified_gmt":"2026-02-23T16:45:54","slug":"accueil","status":"publish","type":"page","link":"http:\/\/paris-remote-sensing-master.fr\/","title":{"rendered":"Accueil"},"content":{"rendered":"\n<div class=\"wp-block-cover alignfull is-light\" style=\"min-height:827px;aspect-ratio:unset;\"><img loading=\"lazy\" decoding=\"async\" width=\"1200\" height=\"675\" class=\"wp-block-cover__image-background wp-image-35\" alt=\"\" src=\"http:\/\/paris-remote-sensing-master.fr\/wp-content\/uploads\/2025\/04\/P76742_BD.jpg\" data-object-fit=\"cover\" srcset=\"https:\/\/paris-remote-sensing-master.fr\/wp-content\/uploads\/2025\/04\/P76742_BD.jpg 1200w, https:\/\/paris-remote-sensing-master.fr\/wp-content\/uploads\/2025\/04\/P76742_BD-300x169.jpg 300w, https:\/\/paris-remote-sensing-master.fr\/wp-content\/uploads\/2025\/04\/P76742_BD-1024x576.jpg 1024w, https:\/\/paris-remote-sensing-master.fr\/wp-content\/uploads\/2025\/04\/P76742_BD-768x432.jpg 768w\" sizes=\"auto, (max-width: 1200px) 100vw, 1200px\" \/><span aria-hidden=\"true\" class=\"wp-block-cover__background has-background-dim wp-block-cover__gradient-background has-background-gradient\" style=\"background:linear-gradient(135deg,rgb(0,105,0) 0%,rgb(0,31,63) 100%)\"><\/span><div class=\"wp-block-cover__inner-container is-layout-flow wp-block-cover-is-layout-flow\">\n<div class=\"inherit-container-width wp-block-group alignwide is-layout-constrained wp-block-group-is-layout-constrained\">\n<h3 class=\"wp-block-heading has-text-align-center has-ast-global-color-7-color has-text-color\">Master<\/h3>\n\n\n\n<h1 class=\"wp-block-heading has-text-align-center has-white-color has-text-color\">Satellite remote sensing for <br>Earth and climate observation<\/h1>\n<\/div>\n<\/div><\/div>\n\n\n\n<div class=\"wp-block-group alignfull has-background is-layout-constrained wp-container-core-group-is-layout-3fee123f wp-block-group-is-layout-constrained\" id=\"whyus\" style=\"background-color:#00690014;padding-top:144px;padding-bottom:144px\">\n<div class=\"wp-block-columns is-layout-flex wp-container-core-columns-is-layout-29aadeec wp-block-columns-is-layout-flex\" style=\"margin-top:60px\">\n<div class=\"wp-block-column is-layout-flow wp-container-core-column-is-layout-6b73ce23 wp-block-column-is-layout-flow\">\n<h3 class=\"wp-block-heading has-text-align-center\" style=\"margin-top:16px\"><strong>Former des experts capables d<\/strong>&#8216;apporter un \u00e9clairage<strong> <\/strong><br><strong>aux enjeux environnementaux et sociaux<\/strong><\/h3>\n\n\n\n<p class=\"has-text-align-center\">Observer la Terre et les plan\u00e8tes depuis l&#8217;espace, et savoir analyser des donn\u00e9es satellitaires est absolument incontournable pour comprendre les enjeux actuels et leurs \u00e9volutions. En rejoignant ce master, vous apprendrez \u00e0 ma\u00eetriser l&#8217;ensemble de la cha\u00eene de production des donn\u00e9es et devenir sp\u00e9cialiste de la t\u00e9l\u00e9d\u00e9tection<\/p>\n\n\n\n<div class=\"wp-block-buttons is-content-justification-center is-layout-flex wp-container-core-buttons-is-layout-a89b3969 wp-block-buttons-is-layout-flex\">\n<div class=\"wp-block-button\"><a class=\"wp-block-button__link wp-element-button\" href=\"http:\/\/paris-remote-sensing-master.fr\/wp-content\/uploads\/2026\/02\/plaquette_master_SECO_1124_FR.pdf\">T\u00e9l\u00e9charger la plaquette<\/a><\/div>\n<\/div>\n<\/div>\n<\/div>\n<\/div>\n\n\n\n<div class=\"wp-block-group alignfull is-layout-constrained wp-container-core-group-is-layout-3fee123f wp-block-group-is-layout-constrained\" id=\"whyus\" style=\"padding-top:144px;padding-bottom:144px\">\n<div class=\"wp-block-columns is-layout-flex wp-container-core-columns-is-layout-29aadeec wp-block-columns-is-layout-flex\" style=\"margin-top:60px\">\n<div class=\"wp-block-column is-layout-flow wp-container-core-column-is-layout-6b73ce23 wp-block-column-is-layout-flow\">\n<h3 class=\"wp-block-heading\" style=\"margin-top:16px\">Une formation de haut niveau<\/h3>\n\n\n\n<p>Devenez sp\u00e9cialiste en physique de l\u2019observation de la Terre et des plan\u00e8tes, du satellite au drone, aupr\u00e8s des plus grands experts dans le domaine.<\/p>\n<\/div>\n\n\n\n<div class=\"wp-block-column is-layout-flow wp-container-core-column-is-layout-6b73ce23 wp-block-column-is-layout-flow\">\n<h3 class=\"wp-block-heading\" style=\"margin-top:16px\">Un stage d&#8217;observation<\/h3>\n\n\n\n<p>Immerg\u00e9s durant une semaine \u00e0 l&#8217;embl\u00e9matique observatoire de Haute-Provence, d\u00e9couvrez les joies de l&#8217;observation du ciel. <\/p>\n<\/div>\n\n\n\n<div class=\"wp-block-column is-layout-flow wp-container-core-column-is-layout-6b73ce23 wp-block-column-is-layout-flow\">\n<h3 class=\"wp-block-heading\" style=\"margin-top:16px\">Des visites p\u00e9dagogiques<\/h3>\n\n\n\n<p>Chaque ann\u00e9e, vous sont propos\u00e9es des visites de lieux incontournables de la t\u00e9l\u00e9d\u00e9tection durant lesquelles vous aurez l&#8217;opportunit\u00e9 de rencontrer des professionnels.<\/p>\n<\/div>\n\n\n\n<div class=\"wp-block-column is-layout-flow wp-container-core-column-is-layout-6b73ce23 wp-block-column-is-layout-flow\">\n<h3 class=\"wp-block-heading\" style=\"margin-top:16px\">Un pr\u00e9cieux r\u00e9seau d&#8217;alumni<\/h3>\n\n\n\n<p>Fort de ses 40 ann\u00e9es d&#8217;existence, ce master compte des centaines de dipl\u00f4m\u00e9s travaillant dans toutes les institutions cl\u00e9 de la t\u00e9l\u00e9d\u00e9tection.<\/p>\n<\/div>\n<\/div>\n<\/div>\n\n\n\n<div class=\"wp-block-group alignfull has-background is-layout-constrained wp-container-core-group-is-layout-6a2cfb7b wp-block-group-is-layout-constrained\" id=\"reviews\" style=\"background-color:#00690014\">\n<figure class=\"wp-block-image aligncenter size-full is-resized\"><img loading=\"lazy\" decoding=\"async\" width=\"1033\" height=\"540\" src=\"https:\/\/paris-remote-sensing-master.fr\/wp-content\/uploads\/2025\/04\/HCSR.png\" alt=\"\" class=\"wp-image-70\" style=\"width:230px;height:auto\" srcset=\"https:\/\/paris-remote-sensing-master.fr\/wp-content\/uploads\/2025\/04\/HCSR.png 1033w, https:\/\/paris-remote-sensing-master.fr\/wp-content\/uploads\/2025\/04\/HCSR-300x157.png 300w, https:\/\/paris-remote-sensing-master.fr\/wp-content\/uploads\/2025\/04\/HCSR-1024x535.png 1024w, https:\/\/paris-remote-sensing-master.fr\/wp-content\/uploads\/2025\/04\/HCSR-768x401.png 768w\" sizes=\"auto, (max-width: 1033px) 100vw, 1033px\" \/><\/figure>\n\n\n\n<p class=\"has-text-align-center\" style=\"font-size:22px;line-height:1.6\">&#8220;Cette formation a contribu\u00e9 \u00e0 alimenter et modeler les paysages national et international de la t\u00e9l\u00e9d\u00e9tection qui, d\u00e8s sa cr\u00e9ation, a repr\u00e9sent\u00e9 un enjeu socio-\u00e9conomique majeur&#8221;<\/p>\n\n\n\n<p class=\"has-text-align-center\"><strong>H\u00e9l\u00e8ne Chepfer et S\u00e9bastien Rodriguez, co-responsables du master<\/strong><\/p>\n<\/div>\n\n\n\n<div class=\"wp-block-group alignfull has-ast-global-color-5-background-color has-background is-layout-constrained wp-container-core-group-is-layout-94d206d0 wp-block-group-is-layout-constrained\" id=\"about\" style=\"padding-top:143px;padding-bottom:144px\">\n<div class=\"wp-block-media-text has-media-on-the-right is-stacked-on-mobile is-vertically-aligned-center\"><div class=\"wp-block-media-text__content\">\n<div class=\"inherit-container-width wp-block-group is-layout-constrained wp-container-core-group-is-layout-47ce07ec wp-block-group-is-layout-constrained\" style=\"padding-right:80px\">\n<h2 class=\"wp-block-heading\" style=\"padding-right:40px\"><a href=\"https:\/\/paris-remote-sensing-master.fr\/?page_id=230\" data-type=\"page\" data-id=\"230\">Journ\u00e9e anniversaire<\/a><\/h2>\n\n\n\n<p>Le jeudi 23 mai 2024, des dizaines d&#8217;\u00e9tudiants et anciens du master se sont r\u00e9unis pour f\u00eater les 40 ans du master de t\u00e9l\u00e9d\u00e9tection de Paris. <\/p>\n\n\n\n<p>L&#8217;occasion pour eux de revenir avec \u00e9motion sur ces d\u00e9cennies d&#8217;existence, de partager ses exp\u00e9riences professionnelles et d&#8217;entrevoir les perspectives et challenges futurs pour le domaine et la formation.<\/p>\n<\/div>\n<\/div><figure class=\"wp-block-media-text__media\"><img loading=\"lazy\" decoding=\"async\" width=\"954\" height=\"1024\" src=\"https:\/\/paris-remote-sensing-master.fr\/wp-content\/uploads\/2025\/04\/40ans-954x1024.png\" alt=\"\" class=\"wp-image-57 size-full\" srcset=\"https:\/\/paris-remote-sensing-master.fr\/wp-content\/uploads\/2025\/04\/40ans-954x1024.png 954w, https:\/\/paris-remote-sensing-master.fr\/wp-content\/uploads\/2025\/04\/40ans-279x300.png 279w, https:\/\/paris-remote-sensing-master.fr\/wp-content\/uploads\/2025\/04\/40ans-768x824.png 768w, https:\/\/paris-remote-sensing-master.fr\/wp-content\/uploads\/2025\/04\/40ans-1431x1536.png 1431w, https:\/\/paris-remote-sensing-master.fr\/wp-content\/uploads\/2025\/04\/40ans.png 1754w\" sizes=\"auto, (max-width: 954px) 100vw, 954px\" \/><\/figure><\/div>\n<\/div>\n\n\n\n<div class=\"wp-block-group alignfull has-background is-layout-constrained wp-container-core-group-is-layout-cfcca693 wp-block-group-is-layout-constrained\" id=\"contact\" style=\"background:linear-gradient(135deg,rgb(0,105,0) 0%,rgb(0,31,63) 100%);padding-top:104px;padding-bottom:104px\">\n<h2 class=\"wp-block-heading has-text-align-center has-text-color\" style=\"color:#ffffff\">LES PARTENAIRES<\/h2>\n\n\n\n<div style=\"height:50px\" aria-hidden=\"true\" class=\"wp-block-spacer\"><\/div>\n\n\n\n<div class=\"wp-block-columns alignfull is-layout-flex wp-container-core-columns-is-layout-28f84493 wp-block-columns-is-layout-flex\">\n<div class=\"wp-block-column is-layout-flow wp-block-column-is-layout-flow\">\n<div class=\"wp-block-columns are-vertically-aligned-center is-layout-flex wp-container-core-columns-is-layout-28f84493 wp-block-columns-is-layout-flex\">\n<div class=\"wp-block-column is-vertically-aligned-center is-layout-flow wp-block-column-is-layout-flow\">\n<figure class=\"wp-block-image aligncenter size-large is-resized wp-duotone-ffffff-ffffff-1\"><img loading=\"lazy\" decoding=\"async\" width=\"1024\" height=\"270\" src=\"http:\/\/paris-remote-sensing-master.fr\/wp-content\/uploads\/2025\/04\/IPGP_UP_mix_RVB-1024x270.png\" alt=\"\" class=\"wp-image-66\" style=\"width:273px;height:auto\" srcset=\"https:\/\/paris-remote-sensing-master.fr\/wp-content\/uploads\/2025\/04\/IPGP_UP_mix_RVB-1024x270.png 1024w, https:\/\/paris-remote-sensing-master.fr\/wp-content\/uploads\/2025\/04\/IPGP_UP_mix_RVB-300x79.png 300w, https:\/\/paris-remote-sensing-master.fr\/wp-content\/uploads\/2025\/04\/IPGP_UP_mix_RVB-768x203.png 768w, https:\/\/paris-remote-sensing-master.fr\/wp-content\/uploads\/2025\/04\/IPGP_UP_mix_RVB-1536x405.png 1536w, https:\/\/paris-remote-sensing-master.fr\/wp-content\/uploads\/2025\/04\/IPGP_UP_mix_RVB-2048x540.png 2048w\" sizes=\"auto, (max-width: 1024px) 100vw, 1024px\" \/><\/figure>\n<\/div>\n\n\n\n<div class=\"wp-block-column is-vertically-aligned-center is-layout-flow wp-block-column-is-layout-flow\">\n<figure class=\"wp-block-image aligncenter size-large is-resized wp-duotone-ffffff-rgb251251251-2\"><img loading=\"lazy\" decoding=\"async\" width=\"1024\" height=\"417\" src=\"http:\/\/paris-remote-sensing-master.fr\/wp-content\/uploads\/2025\/04\/Logo_Sorbonne_Universite-1024x417.png\" alt=\"\" class=\"wp-image-65\" style=\"width:228px;height:auto\" srcset=\"https:\/\/paris-remote-sensing-master.fr\/wp-content\/uploads\/2025\/04\/Logo_Sorbonne_Universite-1024x417.png 1024w, https:\/\/paris-remote-sensing-master.fr\/wp-content\/uploads\/2025\/04\/Logo_Sorbonne_Universite-300x122.png 300w, https:\/\/paris-remote-sensing-master.fr\/wp-content\/uploads\/2025\/04\/Logo_Sorbonne_Universite-768x313.png 768w, https:\/\/paris-remote-sensing-master.fr\/wp-content\/uploads\/2025\/04\/Logo_Sorbonne_Universite-1536x626.png 1536w, https:\/\/paris-remote-sensing-master.fr\/wp-content\/uploads\/2025\/04\/Logo_Sorbonne_Universite-2048x835.png 2048w\" sizes=\"auto, (max-width: 1024px) 100vw, 1024px\" \/><\/figure>\n<\/div>\n<\/div>\n<\/div>\n\n\n\n<div class=\"wp-block-column is-layout-flow wp-block-column-is-layout-flow\">\n<div class=\"wp-block-columns is-layout-flex wp-container-core-columns-is-layout-28f84493 wp-block-columns-is-layout-flex\">\n<div class=\"wp-block-column is-vertically-aligned-center is-layout-flow wp-block-column-is-layout-flow\">\n<figure class=\"wp-block-image aligncenter size-large is-resized wp-duotone-ffffff-ffffff-3\"><img loading=\"lazy\" decoding=\"async\" width=\"1024\" height=\"529\" src=\"http:\/\/paris-remote-sensing-master.fr\/wp-content\/uploads\/2025\/04\/Logo-ENSG-couleur-2023.svg_-1024x529.png\" alt=\"\" class=\"wp-image-63\" style=\"width:168px;height:auto\" srcset=\"https:\/\/paris-remote-sensing-master.fr\/wp-content\/uploads\/2025\/04\/Logo-ENSG-couleur-2023.svg_-1024x529.png 1024w, https:\/\/paris-remote-sensing-master.fr\/wp-content\/uploads\/2025\/04\/Logo-ENSG-couleur-2023.svg_-300x155.png 300w, https:\/\/paris-remote-sensing-master.fr\/wp-content\/uploads\/2025\/04\/Logo-ENSG-couleur-2023.svg_-768x397.png 768w, https:\/\/paris-remote-sensing-master.fr\/wp-content\/uploads\/2025\/04\/Logo-ENSG-couleur-2023.svg_-1536x794.png 1536w, https:\/\/paris-remote-sensing-master.fr\/wp-content\/uploads\/2025\/04\/Logo-ENSG-couleur-2023.svg_-2048x1058.png 2048w\" sizes=\"auto, (max-width: 1024px) 100vw, 1024px\" \/><\/figure>\n<\/div>\n\n\n\n<div class=\"wp-block-column is-vertically-aligned-center is-layout-flow wp-block-column-is-layout-flow\">\n<figure class=\"wp-block-image aligncenter size-full is-resized wp-duotone-ffffff-ffffff-4\"><img loading=\"lazy\" decoding=\"async\" width=\"3568\" height=\"1499\" src=\"http:\/\/paris-remote-sensing-master.fr\/wp-content\/uploads\/2025\/04\/logo-ens-psl.png\" alt=\"\" class=\"wp-image-90\" style=\"width:231px;height:auto\" srcset=\"https:\/\/paris-remote-sensing-master.fr\/wp-content\/uploads\/2025\/04\/logo-ens-psl.png 3568w, https:\/\/paris-remote-sensing-master.fr\/wp-content\/uploads\/2025\/04\/logo-ens-psl-300x126.png 300w, https:\/\/paris-remote-sensing-master.fr\/wp-content\/uploads\/2025\/04\/logo-ens-psl-1024x430.png 1024w, https:\/\/paris-remote-sensing-master.fr\/wp-content\/uploads\/2025\/04\/logo-ens-psl-768x323.png 768w, https:\/\/paris-remote-sensing-master.fr\/wp-content\/uploads\/2025\/04\/logo-ens-psl-1536x645.png 1536w, https:\/\/paris-remote-sensing-master.fr\/wp-content\/uploads\/2025\/04\/logo-ens-psl-2048x860.png 2048w\" sizes=\"auto, (max-width: 3568px) 100vw, 3568px\" \/><\/figure>\n<\/div>\n<\/div>\n<\/div>\n<\/div>\n<\/div>\n\n\n\n<p><\/p>\n","protected":false},"excerpt":{"rendered":"<p>Former des experts capables d&#8216;apporter un \u00e9clairage aux enjeux environnementaux et sociaux Observer la Terre et les plan\u00e8tes depuis l&#8217;espace, [&hellip;]<\/p>\n","protected":false},"author":1,"featured_media":0,"parent":0,"menu_order":0,"comment_status":"closed","ping_status":"closed","template":"","meta":{"site-sidebar-layout":"no-sidebar","site-content-layout":"plain-container","ast-site-content-layout":"default","site-content-style":"default","site-sidebar-style":"default","ast-global-header-display":"","ast-banner-title-visibility":"","ast-main-header-display":"","ast-hfb-above-header-display":"","ast-hfb-below-header-display":"","ast-hfb-mobile-header-display":"","site-post-title":"disabled","ast-breadcrumbs-content":"","ast-featured-img":"","footer-sml-layout":"","ast-disable-related-posts":"","theme-transparent-header-meta":"enabled","adv-header-id-meta":"","stick-header-meta":"","header-above-stick-meta":"","header-main-stick-meta":"","header-below-stick-meta":"","astra-migrate-meta-layouts":"default","ast-page-background-enabled":"default","ast-page-background-meta":{"desktop":{"background-color":"var(--ast-global-color-5)","background-image":"","background-repeat":"repeat","background-position":"center center","background-size":"auto","background-attachment":"scroll","background-type":"","background-media":"","overlay-type":"","overlay-color":"","overlay-opacity":"","overlay-gradient":""},"tablet":{"background-color":"","background-image":"","background-repeat":"repeat","background-position":"center center","background-size":"auto","background-attachment":"scroll","background-type":"","background-media":"","overlay-type":"","overlay-color":"","overlay-opacity":"","overlay-gradient":""},"mobile":{"background-color":"","background-image":"","background-repeat":"repeat","background-position":"center center","background-size":"auto","background-attachment":"scroll","background-type":"","background-media":"","overlay-type":"","overlay-color":"","overlay-opacity":"","overlay-gradient":""}},"ast-content-background-meta":{"desktop":{"background-color":"var(--ast-global-color-4)","background-image":"","background-repeat":"repeat","background-position":"center center","background-size":"auto","background-attachment":"scroll","background-type":"","background-media":"","overlay-type":"","overlay-color":"","overlay-opacity":"","overlay-gradient":""},"tablet":{"background-color":"var(--ast-global-color-4)","background-image":"","background-repeat":"repeat","background-position":"center center","background-size":"auto","background-attachment":"scroll","background-type":"","background-media":"","overlay-type":"","overlay-color":"","overlay-opacity":"","overlay-gradient":""},"mobile":{"background-color":"var(--ast-global-color-4)","background-image":"","background-repeat":"repeat","background-position":"center center","background-size":"auto","background-attachment":"scroll","background-type":"","background-media":"","overlay-type":"","overlay-color":"","overlay-opacity":"","overlay-gradient":""}},"footnotes":""},"class_list":["post-16","page","type-page","status-publish","hentry"],"_links":{"self":[{"href":"https:\/\/paris-remote-sensing-master.fr\/index.php?rest_route=\/wp\/v2\/pages\/16","targetHints":{"allow":["GET"]}}],"collection":[{"href":"https:\/\/paris-remote-sensing-master.fr\/index.php?rest_route=\/wp\/v2\/pages"}],"about":[{"href":"https:\/\/paris-remote-sensing-master.fr\/index.php?rest_route=\/wp\/v2\/types\/page"}],"author":[{"embeddable":true,"href":"https:\/\/paris-remote-sensing-master.fr\/index.php?rest_route=\/wp\/v2\/users\/1"}],"replies":[{"embeddable":true,"href":"https:\/\/paris-remote-sensing-master.fr\/index.php?rest_route=%2Fwp%2Fv2%2Fcomments&post=16"}],"version-history":[{"count":43,"href":"https:\/\/paris-remote-sensing-master.fr\/index.php?rest_route=\/wp\/v2\/pages\/16\/revisions"}],"predecessor-version":[{"id":921,"href":"https:\/\/paris-remote-sensing-master.fr\/index.php?rest_route=\/wp\/v2\/pages\/16\/revisions\/921"}],"wp:attachment":[{"href":"https:\/\/paris-remote-sensing-master.fr\/index.php?rest_route=%2Fwp%2Fv2%2Fmedia&parent=16"}],"curies":[{"name":"wp","href":"https:\/\/api.w.org\/{rel}","templated":true}]}}