{"id":145,"date":"2025-04-11T08:45:06","date_gmt":"2025-04-11T08:45:06","guid":{"rendered":"https:\/\/paris-remote-sensing-master.fr\/?page_id=145"},"modified":"2026-03-10T09:40:20","modified_gmt":"2026-03-10T09:40:20","slug":"espace-etudiants","status":"publish","type":"page","link":"https:\/\/paris-remote-sensing-master.fr\/?page_id=145","title":{"rendered":"Espace \u00e9tudiants"},"content":{"rendered":"\n<figure class=\"wp-block-image alignwide size-large wp-duotone-rgb143514-rgba243250241007-1\"><img loading=\"lazy\" decoding=\"async\" width=\"1024\" height=\"457\" src=\"http:\/\/paris-remote-sensing-master.fr\/wp-content\/uploads\/2025\/04\/montage-intranet-scaled-1-1024x457.jpg\" alt=\"\" class=\"wp-image-147\" srcset=\"https:\/\/paris-remote-sensing-master.fr\/wp-content\/uploads\/2025\/04\/montage-intranet-scaled-1-1024x457.jpg 1024w, https:\/\/paris-remote-sensing-master.fr\/wp-content\/uploads\/2025\/04\/montage-intranet-scaled-1-300x134.jpg 300w, https:\/\/paris-remote-sensing-master.fr\/wp-content\/uploads\/2025\/04\/montage-intranet-scaled-1-768x343.jpg 768w, https:\/\/paris-remote-sensing-master.fr\/wp-content\/uploads\/2025\/04\/montage-intranet-scaled-1-1536x686.jpg 1536w, https:\/\/paris-remote-sensing-master.fr\/wp-content\/uploads\/2025\/04\/montage-intranet-scaled-1-2048x914.jpg 2048w\" sizes=\"auto, (max-width: 1024px) 100vw, 1024px\" \/><\/figure>\n\n\n\n<h2 class=\"wp-block-heading has-text-align-center\">Ann\u00e9e 2025 &#8211; 2026<\/h2>\n\n\n\n<div class=\"wp-block-group is-layout-grid wp-container-core-group-is-layout-37876fca wp-block-group-is-layout-grid\" style=\"margin-top:0;margin-bottom:0\">\n<h5 class=\"wp-block-heading has-text-align-center has-background\" style=\"background-color:#fcb90029\">Livre d&#8217;accueil<\/h5>\n\n\n\n<h5 class=\"wp-block-heading has-text-align-center has-background\" style=\"background-color:#fcb90029\">Emploi du temps<\/h5>\n\n\n\n<h5 class=\"wp-block-heading has-text-align-center has-background\" style=\"background-color:#fcb90029\">Notes<\/h5>\n\n\n\n<h5 class=\"wp-block-heading has-text-align-center has-background\" style=\"background-color:#fcb90029\">Trombinoscope<\/h5>\n<\/div>\n\n\n\n<div class=\"wp-block-group alignfull is-layout-constrained wp-container-core-group-is-layout-3fee123f wp-block-group-is-layout-constrained\" id=\"whyus\" style=\"padding-top:144px;padding-bottom:144px\">\n<h2 class=\"wp-block-heading\">Quelques supports<\/h2>\n\n\n\n<div class=\"wp-block-columns is-layout-flex wp-container-core-columns-is-layout-29aadeec wp-block-columns-is-layout-flex\" style=\"margin-top:60px\">\n<div class=\"wp-block-column has-background is-layout-flow wp-container-core-column-is-layout-23b6af7a wp-block-column-is-layout-flow\" style=\"background-color:#00690014;padding-top:var(--wp--preset--spacing--40);padding-right:var(--wp--preset--spacing--40);padding-bottom:var(--wp--preset--spacing--40);padding-left:var(--wp--preset--spacing--40)\">\n<h3 class=\"wp-block-heading\" style=\"margin-top:16px\">Cours en ligne<\/h3>\n\n\n\n<p>Certains professeurs ont l&#8217;extr\u00eame cl\u00e9mence de vous partager leurs diapositives<\/p>\n<\/div>\n\n\n\n<div class=\"wp-block-column has-background is-layout-flow wp-container-core-column-is-layout-23b6af7a wp-block-column-is-layout-flow\" style=\"background-color:#00690014;padding-top:var(--wp--preset--spacing--40);padding-right:var(--wp--preset--spacing--40);padding-bottom:var(--wp--preset--spacing--40);padding-left:var(--wp--preset--spacing--40)\">\n<h3 class=\"wp-block-heading\" style=\"margin-top:16px\"><a href=\"https:\/\/paris-remote-sensing-master.fr\/?page_id=344\" data-type=\"page\" data-id=\"344\">Annales<\/a><\/h3>\n\n\n\n<p>Vous avez compris ou pensez avoir compris ? N&#8217;attendez pas la date de l&#8217;examen pour vous tester&#8230;<\/p>\n<\/div>\n\n\n\n<div class=\"wp-block-column has-background is-layout-flow wp-container-core-column-is-layout-23b6af7a wp-block-column-is-layout-flow\" style=\"background-color:#00690014;padding-top:var(--wp--preset--spacing--40);padding-right:var(--wp--preset--spacing--40);padding-bottom:var(--wp--preset--spacing--40);padding-left:var(--wp--preset--spacing--40)\">\n<h3 class=\"wp-block-heading\" style=\"margin-top:16px\"><a href=\"https:\/\/paris-remote-sensing-master.fr\/?page_id=254\" data-type=\"page\" data-id=\"254\">Ouvrages de r\u00e9f\u00e9rence<\/a><\/h3>\n\n\n\n<p>Une liste non exhaustive qui saura vous accompagner pour approfondir vos connaissances<\/p>\n<\/div>\n<\/div>\n<\/div>\n\n\n\n<div class=\"wp-block-group alignfull has-ast-global-color-5-background-color has-background is-layout-constrained wp-container-core-group-is-layout-94d206d0 wp-block-group-is-layout-constrained\" id=\"about\" style=\"padding-top:143px;padding-bottom:144px\">\n<div class=\"wp-block-media-text has-media-on-the-right is-stacked-on-mobile is-vertically-aligned-center\"><div class=\"wp-block-media-text__content\">\n<div class=\"inherit-container-width wp-block-group is-layout-constrained wp-container-core-group-is-layout-47ce07ec wp-block-group-is-layout-constrained\" style=\"padding-right:80px\">\n<h2 class=\"wp-block-heading\" style=\"padding-right:40px\"><a href=\"https:\/\/paris-remote-sensing-master.fr\/?page_id=224\" data-type=\"page\" data-id=\"224\">Retours sur les visites<\/a><\/h2>\n\n\n\n<p>Vous souhaitez revoir les diapositives pr\u00e9sent\u00e9s lors des visites ou souhaitez vous rem\u00e9morer ces instants en images ?<\/p>\n<\/div>\n<\/div><figure class=\"wp-block-media-text__media\"><img loading=\"lazy\" decoding=\"async\" width=\"1024\" height=\"414\" src=\"http:\/\/paris-remote-sensing-master.fr\/wp-content\/uploads\/2025\/04\/IMG_3044-Panorama-1024x414.jpg\" alt=\"\" class=\"wp-image-157 size-full\" srcset=\"https:\/\/paris-remote-sensing-master.fr\/wp-content\/uploads\/2025\/04\/IMG_3044-Panorama-1024x414.jpg 1024w, https:\/\/paris-remote-sensing-master.fr\/wp-content\/uploads\/2025\/04\/IMG_3044-Panorama-300x121.jpg 300w, https:\/\/paris-remote-sensing-master.fr\/wp-content\/uploads\/2025\/04\/IMG_3044-Panorama-768x310.jpg 768w, https:\/\/paris-remote-sensing-master.fr\/wp-content\/uploads\/2025\/04\/IMG_3044-Panorama-1536x620.jpg 1536w, https:\/\/paris-remote-sensing-master.fr\/wp-content\/uploads\/2025\/04\/IMG_3044-Panorama-2048x827.jpg 2048w\" sizes=\"auto, (max-width: 1024px) 100vw, 1024px\" \/><\/figure><\/div>\n<\/div>\n\n\n\n<div class=\"wp-block-group alignfull has-background is-layout-constrained wp-container-core-group-is-layout-3fee123f wp-block-group-is-layout-constrained\" id=\"whyus\" style=\"background-color:#00690014;padding-top:144px;padding-bottom:144px\">\n<h2 class=\"wp-block-heading\">Trouver un stage<\/h2>\n\n\n\n<div class=\"wp-block-columns is-layout-flex wp-container-core-columns-is-layout-29aadeec wp-block-columns-is-layout-flex\" style=\"margin-top:60px\">\n<div class=\"wp-block-column is-layout-flow wp-container-core-column-is-layout-6b73ce23 wp-block-column-is-layout-flow\">\n<h3 class=\"wp-block-heading\" style=\"margin-top:16px\">Les offres<\/h3>\n\n\n\n<p>Retrouvez toutes les offres parvenues au sein du r\u00e9seau<\/p>\n<\/div>\n\n\n\n<div class=\"wp-block-column is-layout-flow wp-container-core-column-is-layout-6b73ce23 wp-block-column-is-layout-flow\">\n<h3 class=\"wp-block-heading\" style=\"margin-top:16px\">Laboratoires<\/h3>\n\n\n\n<p>Retrouvez une liste de laboratoires susceptibles de vous accueillir<\/p>\n<\/div>\n\n\n\n<div class=\"wp-block-column is-layout-flow wp-container-core-column-is-layout-6b73ce23 wp-block-column-is-layout-flow\">\n<h3 class=\"wp-block-heading\" style=\"margin-top:16px\">Entreprises<\/h3>\n\n\n\n<p>Retrouvez une liste d&#8217;entreprises susceptibles de vous accueillir<\/p>\n<\/div>\n<\/div>\n<\/div>\n\n\n\n<div class=\"wp-block-group alignfull is-layout-constrained wp-container-core-group-is-layout-3fee123f wp-block-group-is-layout-constrained\" id=\"whyus\" style=\"padding-top:144px;padding-bottom:144px\">\n<h2 class=\"wp-block-heading\">Trouver une th\u00e8se ou un emploi<\/h2>\n\n\n\n<div class=\"wp-block-columns is-layout-flex wp-container-core-columns-is-layout-29aadeec wp-block-columns-is-layout-flex\" style=\"margin-top:60px\">\n<div class=\"wp-block-column is-layout-flow wp-container-core-column-is-layout-6b73ce23 wp-block-column-is-layout-flow\">\n<h3 class=\"wp-block-heading\" style=\"margin-top:16px\">Les offres<\/h3>\n\n\n\n<p>Retrouvez toutes les offres parvenues au sein du r\u00e9seau<\/p>\n<\/div>\n\n\n\n<div class=\"wp-block-column is-layout-flow wp-container-core-column-is-layout-6b73ce23 wp-block-column-is-layout-flow\">\n<h3 class=\"wp-block-heading\" style=\"margin-top:16px\"><a href=\"https:\/\/www.linkedin.com\/groups\/9241066\/\" data-type=\"page\" data-id=\"226\">Le r\u00e9seau d&#8217;alumni<\/a><\/h3>\n\n\n\n<p>Retrouvez l\u2019ensemble des institutions o\u00f9 vous pourriez postuler<\/p>\n<\/div>\n\n\n\n<div class=\"wp-block-column is-layout-flow wp-container-core-column-is-layout-6b73ce23 wp-block-column-is-layout-flow\">\n<h3 class=\"wp-block-heading\" style=\"margin-top:16px\">Liens utiles<\/h3>\n\n\n\n<details class=\"wp-block-details is-layout-flow wp-block-details-is-layout-flow\"><summary>Quelques liens pour trouver un emploi apr\u00e8s le master<\/summary>\n<ul class=\"wp-block-list\">\n<li><a href=\"https:\/\/www.indeed.fr\/\">Indeed<\/a><\/li>\n\n\n\n<li><a href=\"http:\/\/www.aeroemploiformation.com\/\" target=\"_blank\" rel=\"noreferrer noopener\">A\u00e9ro Emploi Formation<\/a><\/li>\n\n\n\n<li><a href=\"http:\/\/wia-europe.org\/\" target=\"_blank\" rel=\"noreferrer noopener\">WIA (Women in Aerospace Europe)<\/a><\/li>\n\n\n\n<li><a href=\"http:\/\/www.jobsinspace.eu\/\" target=\"_blank\" rel=\"noreferrer noopener\">HE SPACE<\/a><\/li>\n\n\n\n<li><a href=\"http:\/\/www.intelliagence.fr\/\">ABG Intelli\u2019agence<\/a><\/li>\n\n\n\n<li><a href=\"http:\/\/www.earthworks-jobs.com\/\">Earthworks-jobs<\/a><\/li>\n\n\n\n<li><a href=\"http:\/\/www.emploi-environnement.com\/\">Emploi environnement<\/a><\/li>\n\n\n\n<li><a href=\"http:\/\/georezo.net\/\" target=\"_blank\" rel=\"noreferrer noopener\">GeoRezo<\/a><\/li>\n\n\n\n<li><a href=\"http:\/\/www.geosearch.com\/\" target=\"_blank\" rel=\"noreferrer noopener\">GeoSearch<\/a><\/li>\n\n\n\n<li><a href=\"http:\/\/www.phdjobs.com\/\">PhD Jobs<\/a><\/li>\n<\/ul>\n<\/details>\n<\/div>\n<\/div>\n<\/div>\n","protected":false},"excerpt":{"rendered":"<p>Ann\u00e9e 2025 &#8211; 2026 Livre d&#8217;accueil Emploi du temps Notes Trombinoscope Quelques supports Cours en ligne Certains professeurs ont l&#8217;extr\u00eame [&hellip;]<\/p>\n","protected":false},"author":1,"featured_media":0,"parent":0,"menu_order":0,"comment_status":"closed","ping_status":"closed","template":"","meta":{"site-sidebar-layout":"default","site-content-layout":"","ast-site-content-layout":"default","site-content-style":"default","site-sidebar-style":"default","ast-global-header-display":"","ast-banner-title-visibility":"","ast-main-header-display":"","ast-hfb-above-header-display":"","ast-hfb-below-header-display":"","ast-hfb-mobile-header-display":"","site-post-title":"","ast-breadcrumbs-content":"","ast-featured-img":"","footer-sml-layout":"","ast-disable-related-posts":"","theme-transparent-header-meta":"","adv-header-id-meta":"","stick-header-meta":"","header-above-stick-meta":"","header-main-stick-meta":"","header-below-stick-meta":"","astra-migrate-meta-layouts":"default","ast-page-background-enabled":"default","ast-page-background-meta":{"desktop":{"background-color":"var(--ast-global-color-5)","background-image":"","background-repeat":"repeat","background-position":"center center","background-size":"auto","background-attachment":"scroll","background-type":"","background-media":"","overlay-type":"","overlay-color":"","overlay-opacity":"","overlay-gradient":""},"tablet":{"background-color":"","background-image":"","background-repeat":"repeat","background-position":"center center","background-size":"auto","background-attachment":"scroll","background-type":"","background-media":"","overlay-type":"","overlay-color":"","overlay-opacity":"","overlay-gradient":""},"mobile":{"background-color":"","background-image":"","background-repeat":"repeat","background-position":"center center","background-size":"auto","background-attachment":"scroll","background-type":"","background-media":"","overlay-type":"","overlay-color":"","overlay-opacity":"","overlay-gradient":""}},"ast-content-background-meta":{"desktop":{"background-color":"var(--ast-global-color-4)","background-image":"","background-repeat":"repeat","background-position":"center center","background-size":"auto","background-attachment":"scroll","background-type":"","background-media":"","overlay-type":"","overlay-color":"","overlay-opacity":"","overlay-gradient":""},"tablet":{"background-color":"var(--ast-global-color-4)","background-image":"","background-repeat":"repeat","background-position":"center center","background-size":"auto","background-attachment":"scroll","background-type":"","background-media":"","overlay-type":"","overlay-color":"","overlay-opacity":"","overlay-gradient":""},"mobile":{"background-color":"var(--ast-global-color-4)","background-image":"","background-repeat":"repeat","background-position":"center center","background-size":"auto","background-attachment":"scroll","background-type":"","background-media":"","overlay-type":"","overlay-color":"","overlay-opacity":"","overlay-gradient":""}},"footnotes":""},"class_list":["post-145","page","type-page","status-publish","hentry"],"_links":{"self":[{"href":"https:\/\/paris-remote-sensing-master.fr\/index.php?rest_route=\/wp\/v2\/pages\/145","targetHints":{"allow":["GET"]}}],"collection":[{"href":"https:\/\/paris-remote-sensing-master.fr\/index.php?rest_route=\/wp\/v2\/pages"}],"about":[{"href":"https:\/\/paris-remote-sensing-master.fr\/index.php?rest_route=\/wp\/v2\/types\/page"}],"author":[{"embeddable":true,"href":"https:\/\/paris-remote-sensing-master.fr\/index.php?rest_route=\/wp\/v2\/users\/1"}],"replies":[{"embeddable":true,"href":"https:\/\/paris-remote-sensing-master.fr\/index.php?rest_route=%2Fwp%2Fv2%2Fcomments&post=145"}],"version-history":[{"count":20,"href":"https:\/\/paris-remote-sensing-master.fr\/index.php?rest_route=\/wp\/v2\/pages\/145\/revisions"}],"predecessor-version":[{"id":1040,"href":"https:\/\/paris-remote-sensing-master.fr\/index.php?rest_route=\/wp\/v2\/pages\/145\/revisions\/1040"}],"wp:attachment":[{"href":"https:\/\/paris-remote-sensing-master.fr\/index.php?rest_route=%2Fwp%2Fv2%2Fmedia&parent=145"}],"curies":[{"name":"wp","href":"https:\/\/api.w.org\/{rel}","templated":true}]}}